{"id":7,"date":"2021-06-26T11:36:28","date_gmt":"2021-06-26T11:36:28","guid":{"rendered":"https:\/\/www.parafiascinawkasrednia.pl\/?page_id=7"},"modified":"2023-04-03T14:55:06","modified_gmt":"2023-04-03T14:55:06","slug":"strona-glowna","status":"publish","type":"page","link":"https:\/\/www.parafiascinawkasrednia.pl\/","title":{"rendered":""},"content":{"rendered":"<p align=\"justify\"><span style=\"font-family: Times New Roman, serif;\"><span style=\"font-size: large;\"><b>Niech b\u0119dzie pochwalony Jezus Chrystus!!!<\/b><\/span><\/span><\/p>\n<p align=\"center\"><a name=\"W2\"><\/a><a name=\"W3\"><\/a> <span style=\"font-family: Times New Roman, serif;\"><span style=\"font-size: large;\">&#8222;Jezus w\u0119drowa\u0142 przez miasta i wsie, nauczaj\u0105c i g\u0142osz\u0105c Ewangeli\u0119 o kr\u00f3lestwie Bo\u017cym. A by\u0142o z Nim Dwunastu<\/span><\/span><span style=\"font-family: Times New Roman, serif;\"><span style=\"font-size: large;\"><b><span style=\"color: #000000;\">\u00a0<\/span><\/b><\/span><\/span><span style=\"font-family: Times New Roman, serif;\"><span style=\"font-size: large;\">oraz kilka kobiet, kt\u00f3re uwolni\u0142 od z\u0142ych duch\u00f3w i od s\u0142abo\u015bci: Maria, zwana Magdalen\u0105, kt\u00f3r\u0105 opu\u015bci\u0142o siedem z\u0142ych duch\u00f3w;\u00a0Joanna, \u017cona Chuzy, zarz\u0105dcy u Heroda; Zuzanna i wiele innych,<br \/>\nkt\u00f3re im us\u0142ugiwa\u0142y ze swego mienia&#8221;.<\/span><\/span><\/p>\n<p align=\"justify\"><span style=\"font-family: Times New Roman, serif;\"><span style=\"font-size: large;\"><i>Ewangelia wg \u015bw. \u0141ukasza (\u0141k 8,3)<\/i><\/span><\/span><\/p>\n<p align=\"center\"><span style=\"font-family: Times New Roman, serif;\"><span style=\"font-size: x-large;\"><b>PARAFIA RZYMSKOKATOLICKA<\/b><\/span><\/span><\/p>\n<p align=\"center\"><span style=\"font-family: Times New Roman, serif;\"><span style=\"font-size: x-large;\"><b>pw. \u015bw. Marii Magdaleny <\/b><\/span><\/span><span style=\"font-family: Times New Roman, serif;\"><span style=\"font-size: x-large;\"><b>w \u015acinawce \u015aredniej<\/b><\/span><\/span><\/p>\n<p align=\"center\"><span style=\"font-family: Times New Roman, serif;\"><span style=\"font-size: xx-large;\"><u><b>MSZA \u015aWI\u0118TA<\/b><\/u><\/span><\/span><\/p>\n<p align=\"center\"><span style=\"font-size: 18pt;\"><b><span style=\"font-family: Times New Roman, serif;\">Dni powszednie: <\/span><\/b><\/span><\/p>\n<p align=\"center\"><span style=\"font-size: 14pt;\"><span style=\"font-family: Times New Roman, serif;\">czas letni (od kwietnia do wrze\u015bnia): godz. 18.00<\/span><\/span><\/p>\n<p align=\"center\"><span style=\"font-size: 12pt;\"><span style=\"font-family: 'Times New Roman', serif; font-size: 14pt;\">czas zimowy (od pa\u017adziernika do marca): godz. 17.00<\/span><br \/>\n<\/span><\/p>\n<p align=\"center\"><span style=\"font-size: 18pt;\"><b><span style=\"font-family: Times New Roman, serif;\">Niedziele i uroczysto\u015bci: <\/span><\/b><\/span><\/p>\n<p align=\"center\"><span style=\"font-size: 14pt;\"><span style=\"font-family: 'Times New Roman', serif;\">ko\u015bci\u00f3\u0142 parafialny &#8211; godz. 8.00 i 12.00<\/span><\/span><\/p>\n<p align=\"center\"><span style=\"font-size: 14pt;\"><span style=\"font-family: 'times new roman', times, serif;\">ko\u015bci\u00f3\u0142 pomocniczy (Bo\u017cego Cia\u0142a) &#8211; godz. 10.30<\/span><\/span><\/p>\n<p align=\"center\"><span style=\"font-size: 12pt;\"><span style=\"font-size: 18pt;\"><b><span style=\"font-family: Times New Roman, serif;\">Sakrament Pokuty<\/span><\/b><\/span><br \/>\n<\/span><\/p>\n<p align=\"center\"><span style=\"font-size: 14pt;\"><span style=\"font-family: Times New Roman, serif;\">w tygodniu 30 minut przed Msz\u0105 \u015bw.\u00a0<\/span><\/span><\/p>\n<p align=\"center\"><span style=\"font-size: medium;\"><b><span style=\"font-size: xx-large;\"><span style=\"font-family: Times New Roman, serif;\">ODPUST PARAFIALNY<\/span><\/span><\/b><\/span><\/p>\n<p align=\"center\"><span style=\"font-size: medium;\"><b><span style=\"font-size: x-large;\"><span style=\"font-family: Times New Roman, serif;\">22 lipca<\/span><\/span><\/b><\/span><\/p>\n<p align=\"center\"><span style=\"font-size: medium;\"><b><span style=\"font-size: xx-large;\"><span style=\"font-family: Times New Roman, serif;\">WIECZYSTA ADORACJA<\/span><\/span><\/b><\/span><\/p>\n<p align=\"center\"><span style=\"font-size: medium;\"><span style=\"font-family: 'times new roman', times, serif;\"><b><span style=\"font-size: x-large;\">15 kwietnia i 15 pa\u017adziernika<\/span><\/b><\/span><\/span><\/p>\n<p><span style=\"font-family: 'times new roman', times, serif;\"><span style=\"font-size: medium;\"><b><span style=\"font-size: large;\">Dodatkowe nabo\u017ce\u0144stwa:<\/span><\/b><\/span><\/span><\/p>\n<p><span style=\"font-family: 'times new roman', times, serif;\"><span style=\"font-size: medium;\"><span style=\"font-size: large;\">Nowenna do Matki Bo\u017cej Niestaj\u0105cej Pomocy: ka\u017cda \u015broda &#8211; godz. 18.00<\/span><\/span><span style=\"font-size: x-large;\"><br \/>\n<\/span><span style=\"font-size: large;\">R\u00f3\u017caniec \u015bw. za Ojczyzn\u0119: niedziela &#8211; godz. 11.30<\/span><\/span><span style=\"font-size: x-large;\"><br \/>\n<\/span><\/p>\n<p><span style=\"font-size: medium;\"><b><span style=\"font-size: large;\"><span style=\"font-family: Times New Roman, serif;\">Wystawienie Naj\u015bwi\u0119tszego Sakramentu:<\/span><\/span><\/b><\/span><span style=\"font-size: large;\"><br \/>\n<\/span><\/p>\n<p><span style=\"font-size: medium;\"><span style=\"font-size: large;\"><span style=\"font-family: Times New Roman, serif;\">Nabo\u017ce\u0144stwo z racji pierwszego czwartku miesi\u0105ca po Mszy \u015bw. wieczornej<br \/>\n&#8211; Litania do Najdro\u017cszej Krwi Chrystusa<br \/>\n<\/span><\/span><\/span><\/p>\n<p><span style=\"font-size: medium;\"><span style=\"font-size: large;\"><span style=\"font-family: Times New Roman, serif;\">Nabo\u017ce\u0144stwo z racji pierwszego pi\u0105tku miesi\u0105ca po Mszy \u015bw. wieczornej<br \/>\n&#8211; Litania do Naj\u015bwi\u0119tszego Serca Pana Jezusa<\/span><\/span><\/span><\/p>\n<p><span style=\"font-size: medium;\"><span style=\"font-size: large;\"><span style=\"font-family: Times New Roman, serif;\">Nabo\u017ce\u0144stwo z racji pierwszej soboty miesi\u0105ca po Mszy \u015bw. wieczornej<br \/>\n&#8211; Litania do Niepokalanego Serca NMP<\/span><\/span><\/span><\/p>\n<p><span style=\"font-family: 'times new roman', times, serif;\"><span style=\"font-size: medium;\"><b><span style=\"font-size: large;\">Nabo\u017ce\u0144stwa okoliczno\u015bciowe:<\/span><\/b><\/span><span style=\"font-size: large;\"><br \/>\n<\/span><\/span><\/p>\n<p><span style=\"font-family: 'times new roman', times, serif;\"><span style=\"font-size: medium;\"><span style=\"font-size: large;\">Droga Krzy\u017cowa &#8211; pi\u0105tek Wielkiego Postu:<\/span><\/span><span style=\"font-size: large;\"><br \/>\n<\/span><span style=\"font-size: large;\">\u00a0 \u00a0 \u00a0 \u00a0 \u00a0 \u2013 dla dzieci, m\u0142odzie\u017cy i doros\u0142ych &#8211; godz. 17.00<\/span><span style=\"font-size: large;\"><br \/>\n<\/span><\/span><\/p>\n<p><span style=\"font-family: 'times new roman', times, serif;\"><span style=\"font-size: medium;\"><span style=\"font-size: large;\">Gorzkie \u017bale &#8211; niedziela Wielkiego Postu<\/span><\/span><span style=\"font-size: large;\"><br \/>\n<\/span><span style=\"font-size: large;\">\u00a0 \u00a0 \u00a0 \u00a0 \u00a0 \u2013 po Mszy \u015bw. o godz. 12.00<\/span><span style=\"font-size: large;\"><br \/>\n<\/span><\/span><\/p>\n<p><span style=\"font-family: 'times new roman', times, serif;\"><span style=\"font-size: medium;\"><span style=\"font-size: large;\">Nabo\u017ce\u0144stwo majowe z Litani\u0105 Loreta\u0144sk\u0105<\/span><\/span><span style=\"font-size: large;\"><br \/>\n<\/span><span style=\"font-size: large;\">\u00a0 \u00a0 \u00a0 \u00a0 \u00a0 \u2013 w tygodniu po Mszy \u015bw. wieczornej<\/span><\/span><\/p>\n<p><span style=\"font-family: 'times new roman', times, serif;\"><span style=\"font-size: medium;\"><span style=\"font-size: large;\">Nabo\u017ce\u0144stwo czerwcowe z Litani\u0105 do Naj\u015bwi\u0119tszego Serca Pana Jezusa<\/span><\/span><span style=\"font-size: large;\"><br \/>\n<\/span><span style=\"font-size: large;\">\u00a0 \u00a0 \u00a0 \u00a0 \u00a0 \u2013 w tygodniu po Mszy \u015bw. wieczornej<\/span><\/span><\/p>\n<p><span style=\"font-family: 'times new roman', times, serif;\"><span style=\"font-size: medium;\"><span style=\"font-size: large;\">Nabo\u017ce\u0144stwo r\u00f3\u017ca\u0144cowe w pa\u017adzierniku<\/span><\/span><span style=\"font-size: large;\"><br \/>\n<\/span><span style=\"font-size: large;\">\u00a0 \u00a0 \u00a0 \u00a0 \u00a0 \u2013 dla dzieci i m\u0142odzie\u017cy w pi\u0105tek &#8211; godz. 17.00 Msza \u015bw. i modlitwa r\u00f3\u017ca\u0144cowa<\/span><span style=\"font-size: large;\"><br \/>\n<\/span><span style=\"font-size: large;\">\u00a0 \u00a0 \u00a0 \u00a0 \u00a0 \u2013 dla doros\u0142ych: w tygodniu po Mszy \u015bw., a<\/span><\/span><span style=\"font-family: 'times new roman', times, serif; font-size: large;\">\u00a0w niedziel\u0119 po Mszy \u015bw. o godz. 11.30<\/span><\/p>\n<p><span style=\"font-family: 'times new roman', times, serif;\"><span style=\"font-size: medium;\"><span style=\"font-size: large;\">Nabo\u017ce\u0144stwo wypominkowe w listopadzie<\/span><\/span><span style=\"font-size: large;\"><br \/>\n<\/span><span style=\"font-size: large;\">\u00a0 \u00a0 \u00a0 \u00a0 \u00a0 \u2013 po Mszy \u015bw. wieczornej<\/span><\/span><\/p>\n","protected":false},"excerpt":{"rendered":"<p>Niech b\u0119dzie pochwalony Jezus Chrystus!!! &#8222;Jezus w\u0119drowa\u0142 przez miasta i wsie, nauczaj\u0105c i g\u0142osz\u0105c Ewangeli\u0119 o kr\u00f3lestwie Bo\u017cym. A by\u0142o z Nim Dwunastu\u00a0oraz kilka kobiet, kt\u00f3re uwolni\u0142 od z\u0142ych duch\u00f3w i od s\u0142abo\u015bci: Maria, zwana Magdalen\u0105, kt\u00f3r\u0105 opu\u015bci\u0142o siedem z\u0142ych duch\u00f3w;\u00a0Joanna, \u017cona Chuzy, zarz\u0105dcy u Heroda; Zuzanna i wiele innych, kt\u00f3re im us\u0142ugiwa\u0142y ze swego &hellip; <a href=\"https:\/\/www.parafiascinawkasrednia.pl\/\" class=\"more-link\">Czytaj dalej <span class=\"screen-reader-text\"><\/span><\/a><\/p>\n","protected":false},"author":1,"featured_media":0,"parent":0,"menu_order":0,"comment_status":"closed","ping_status":"closed","template":"","meta":{"footnotes":""},"class_list":["post-7","page","type-page","status-publish","hentry"],"_links":{"self":[{"href":"https:\/\/www.parafiascinawkasrednia.pl\/index.php?rest_route=\/wp\/v2\/pages\/7","targetHints":{"allow":["GET"]}}],"collection":[{"href":"https:\/\/www.parafiascinawkasrednia.pl\/index.php?rest_route=\/wp\/v2\/pages"}],"about":[{"href":"https:\/\/www.parafiascinawkasrednia.pl\/index.php?rest_route=\/wp\/v2\/types\/page"}],"author":[{"embeddable":true,"href":"https:\/\/www.parafiascinawkasrednia.pl\/index.php?rest_route=\/wp\/v2\/users\/1"}],"replies":[{"embeddable":true,"href":"https:\/\/www.parafiascinawkasrednia.pl\/index.php?rest_route=%2Fwp%2Fv2%2Fcomments&post=7"}],"version-history":[{"count":18,"href":"https:\/\/www.parafiascinawkasrednia.pl\/index.php?rest_route=\/wp\/v2\/pages\/7\/revisions"}],"predecessor-version":[{"id":726,"href":"https:\/\/www.parafiascinawkasrednia.pl\/index.php?rest_route=\/wp\/v2\/pages\/7\/revisions\/726"}],"wp:attachment":[{"href":"https:\/\/www.parafiascinawkasrednia.pl\/index.php?rest_route=%2Fwp%2Fv2%2Fmedia&parent=7"}],"curies":[{"name":"wp","href":"https:\/\/api.w.org\/{rel}","templated":true}]}}